{"id":583,"date":"2019-10-02T17:18:25","date_gmt":"2019-10-02T17:18:25","guid":{"rendered":"http:\/\/www.mimino.fi\/?page_id=583"},"modified":"2020-05-15T15:04:08","modified_gmt":"2020-05-15T15:04:08","slug":"kansainvalisyys","status":"publish","type":"page","link":"https:\/\/www.mimino.fi\/fi\/kansainvalisyys\/","title":{"rendered":"Kansainv\u00e4lisyys"},"content":{"rendered":"<p><\/p>\n<div class=\"gdl-page-float-left\">\n<div class=\"gdl-page-item\">\n<div class=\"sixteen columns mb20\">\n<div class=\"gdl-page-content\">\n<p>Kun Suomi ei en\u00e4\u00e4 riit\u00e4 yrityksellenne, kannattaa harkita laajentumista maan rajojen ulkopuolelle. Kansainv\u00e4lisyys on nykyp\u00e4iv\u00e4\u00e4. Jo pelk\u00e4st\u00e4\u00e4n Suomessa ulkomaalaisten m\u00e4\u00e4r\u00e4 kasvaa ja he ovat yh\u00e4 n\u00e4kyv\u00e4mpi osa yhteiskuntaa. My\u00f6s yritysten on yh\u00e4 enemm\u00e4n sopeuduttava toimimaan globaalissa ymp\u00e4rist\u00f6ss\u00e4. Kaikki toiminta maiden ja kansojen v\u00e4lill\u00e4 on helpompaa silloin, kun ymm\u00e4rt\u00e4\u00e4 yhteisty\u00f6kumppanin taustaa ja ajatusmaailmaa. Ven\u00e4j\u00e4 on naapurimaa, jonka potentiaali on kiehtova mahdollisuus suomalaisille yrityksille.<\/p>\n<h4>Mimino Oy tarjoaa:<\/h4>\n<ul>\n<li>seminaareja ja\u00a0 yleis\u00f6luentoja tapahtumissa, n\u00e4yttelyiden tai messujen yhteydess\u00e4<\/li>\n<li>luentoja oppilaitoksille<\/li>\n<li>yksitt\u00e4isille yrityksille r\u00e4\u00e4t\u00e4l\u00f6ityj\u00e4 koulutuspaketteja ja valmennusta<\/li>\n<li>ven\u00e4l\u00e4isille yrityksille markkinoinnin ja liikkeenjohdon koulutusta<\/li>\n<\/ul>\n<h5>Valmennusten aiheita<\/h5>\n<ul>\n<li>kulttuurierojen merkityksen ymm\u00e4rt\u00e4minen kansainv\u00e4lisess\u00e4 toiminnassa<\/li>\n<li>ven\u00e4l\u00e4isten tavat ja perinteet<\/li>\n<li>kiinalaisten tavat ja perinteet<\/li>\n<li>jokap\u00e4iv\u00e4inen el\u00e4m\u00e4 Ven\u00e4j\u00e4ll\u00e4<\/li>\n<li>ven\u00e4l\u00e4inen yrityskulttuuri ja toimintatavat<\/li>\n<li>ty\u00f6skentely ven\u00e4l\u00e4isten kanssa<\/li>\n<\/ul>\n<p>Tarkempia tietoja seminaareista:<br \/>\n<a href=\"http:\/\/www.mimino.fi\/miten-tyoskentelemme-venalaisten-kanssa\">Miten ty\u00f6skentelemme ven\u00e4l\u00e4isten kanssa?<\/a><\/p>\n<h5>Konsultointi<\/h5>\n<p>Suomalaisille yrityksille tarjoamme konsultointipalveluita:<\/p>\n<ul>\n<li>toimiminen ven\u00e4l\u00e4isten yhteisty\u00f6kumppaneiden kanssa<\/li>\n<li>avustaminen neuvotteluissa<\/li>\n<\/ul>\n<p>Virve Obolgogianin videokoulutuksen\u00a0<a href=\"https:\/\/www.udemy.com\/working-with-russians-understanding-cultural-differences\/\" target=\"_blank\" rel=\"noopener noreferrer\">Working with Russians<\/a>\u2013 understanding cultural differences voi katsoa sivustolla udemy.com.<br \/>\nKoodilla MIMINO_2020 (lis\u00e4t\u00e4\u00e4n kohtaan: Have a coupon) voit katsoa videon erikoishintaan 23,99 EUR 15.6.2020 asti.<\/p>\n<\/div>\n<\/div>\n<\/div>\n<\/div>\n<div class=\"five columns mt0 gdl-right-sidebar\">\n<div class=\"right-sidebar-wrapper\">\n<div class=\"custom-sidebar gdl-divider\"><img loading=\"lazy\" decoding=\"async\" class=\"attachment-medium\" src=\"http:\/\/www.mimino.fi\/wp-content\/uploads\/2015\/09\/silta-pien--300x199.jpg\" sizes=\"auto, (max-width: 300px) 100vw, 300px\" srcset=\"http:\/\/www.mimino.fi\/wp-content\/uploads\/2015\/09\/silta-pien--300x199.jpg 300w, http:\/\/www.mimino.fi\/wp-content\/uploads\/2015\/09\/silta-pien-.jpg 602w\" width=\"300\" height=\"199\" \/><\/div>\n<\/div>\n<\/div>\n<p><\/p>","protected":false},"excerpt":{"rendered":"<p>Kun Suomi ei en\u00e4\u00e4 riit\u00e4 yrityksellenne, kannattaa harkita laajentumista maan rajojen ulkopuolelle. Kansainv\u00e4lisyys on nykyp\u00e4iv\u00e4\u00e4. Jo pelk\u00e4st\u00e4\u00e4n Suomessa ulkomaalaisten m\u00e4\u00e4r\u00e4 kasvaa ja he ovat yh\u00e4 n\u00e4kyv\u00e4mpi osa yhteiskuntaa. My\u00f6s yritysten on yh\u00e4 enemm\u00e4n sopeuduttava toimimaan globaalissa ymp\u00e4rist\u00f6ss\u00e4. Kaikki toiminta maiden ja kansojen v\u00e4lill\u00e4 on helpompaa silloin, kun ymm\u00e4rt\u00e4\u00e4 yhteisty\u00f6kumppanin taustaa ja ajatusmaailmaa. Ven\u00e4j\u00e4 on naapurimaa, jonka potentiaali on kiehtova mahdollisuus suomalaisille yrityksille. Mimino Oy tarjoaa: seminaareja ja\u00a0 yleis\u00f6luentoja tapahtumissa, n\u00e4yttelyiden tai messujen yhteydess\u00e4 luentoja oppilaitoksille yksitt\u00e4isille yrityksille r\u00e4\u00e4t\u00e4l\u00f6ityj\u00e4 koulutuspaketteja ja valmennusta ven\u00e4l\u00e4isille yrityksille markkinoinnin ja liikkeenjohdon koulutusta Valmennusten aiheita kulttuurierojen merkityksen ymm\u00e4rt\u00e4minen kansainv\u00e4lisess\u00e4 toiminnassa ven\u00e4l\u00e4isten tavat ja perinteet kiinalaisten tavat ja perinteet jokap\u00e4iv\u00e4inen el\u00e4m\u00e4 Ven\u00e4j\u00e4ll\u00e4 ven\u00e4l\u00e4inen yrityskulttuuri ja toimintatavat ty\u00f6skentely ven\u00e4l\u00e4isten kanssa Tarkempia tietoja seminaareista: Miten ty\u00f6skentelemme ven\u00e4l\u00e4isten kanssa? Konsultointi Suomalaisille yrityksille tarjoamme konsultointipalveluita: toimiminen ven\u00e4l\u00e4isten yhteisty\u00f6kumppaneiden kanssa avustaminen neuvotteluissa Virve Obolgogianin videokoulutuksen\u00a0Working with Russians\u2013 understanding cultural differences voi katsoa sivustolla udemy.com. Koodilla MIMINO_2020 (lis\u00e4t\u00e4\u00e4n kohtaan: Have a coupon) voit katsoa videon erikoishintaan 23,99 EUR 15.6.2020 asti.<\/p>\n","protected":false},"author":4,"featured_media":0,"parent":0,"menu_order":0,"comment_status":"closed","ping_status":"closed","template":"","meta":{"footnotes":""},"class_list":["post-583","page","type-page","status-publish","hentry"],"_links":{"self":[{"href":"https:\/\/www.mimino.fi\/fi\/wp-json\/wp\/v2\/pages\/583","targetHints":{"allow":["GET"]}}],"collection":[{"href":"https:\/\/www.mimino.fi\/fi\/wp-json\/wp\/v2\/pages"}],"about":[{"href":"https:\/\/www.mimino.fi\/fi\/wp-json\/wp\/v2\/types\/page"}],"author":[{"embeddable":true,"href":"https:\/\/www.mimino.fi\/fi\/wp-json\/wp\/v2\/users\/4"}],"replies":[{"embeddable":true,"href":"https:\/\/www.mimino.fi\/fi\/wp-json\/wp\/v2\/comments?post=583"}],"version-history":[{"count":8,"href":"https:\/\/www.mimino.fi\/fi\/wp-json\/wp\/v2\/pages\/583\/revisions"}],"predecessor-version":[{"id":1068,"href":"https:\/\/www.mimino.fi\/fi\/wp-json\/wp\/v2\/pages\/583\/revisions\/1068"}],"wp:attachment":[{"href":"https:\/\/www.mimino.fi\/fi\/wp-json\/wp\/v2\/media?parent=583"}],"curies":[{"name":"wp","href":"https:\/\/api.w.org\/{rel}","templated":true}]}}