{"id":32,"date":"2019-09-30T09:48:17","date_gmt":"2019-09-30T09:48:17","guid":{"rendered":"http:\/\/www.mimino.fi\/?page_id=32"},"modified":"2020-05-15T15:06:14","modified_gmt":"2020-05-15T15:06:14","slug":"asiakkaat","status":"publish","type":"page","link":"https:\/\/www.mimino.fi\/fi\/asiakkaat\/","title":{"rendered":"Asiakkaat"},"content":{"rendered":"<p>Asiakkaiden kokemus koulutuksen laadusta on ensisijaisen t\u00e4rke\u00e4\u00e4 koulutusorganisaatiolle, <img loading=\"lazy\" decoding=\"async\" class=\"size-medium wp-image-36 alignright\" src=\"http:\/\/www.mimino.fi\/wp-content\/uploads\/2019\/09\/asiakat-300x200.jpg\" alt=\"\" width=\"300\" height=\"200\" srcset=\"https:\/\/www.mimino.fi\/wp-content\/uploads\/2019\/09\/asiakat-300x200.jpg 300w, https:\/\/www.mimino.fi\/wp-content\/uploads\/2019\/09\/asiakat-768x511.jpg 768w, https:\/\/www.mimino.fi\/wp-content\/uploads\/2019\/09\/asiakat.jpg 769w\" sizes=\"auto, (max-width: 300px) 100vw, 300px\" \/>niin my\u00f6s Mimino Oy:lle. Kun vahva Ven\u00e4j\u00e4-osaaminen yhdistyy kouluttajan osaamiseen esitt\u00e4\u00e4 asiat selke\u00e4sti ja el\u00e4v\u00e4sti, ovat oppimistulokset parhaita.<\/p>\n<p><strong>Koulutuksiin\u00a0osallistuneiden mielipiteit\u00e4:<\/strong><\/p>\n<p>\u2013 hyvin asiallinen ja selke\u00e4 esitys<br \/>\n\u2013 sujuva ulosanti, mukava kuunnella<br \/>\n\u2013 paljon asiaa ja kokemuspohjaista tietoa<br \/>\n\u2013 kouluttajalla eritt\u00e4in laaja ammattitaito ja osaaminen<br \/>\n\u2013 ajankohtainen tietous<br \/>\n\u2013 hyv\u00e4 esiintymistaito<br \/>\n\u2013 selke\u00e4 eteneminen, selke\u00e4 materiaali<br \/>\n\u2013 hyvi\u00e4 esimerkkitapauksia el\u00e4v\u00e4st\u00e4 el\u00e4m\u00e4st\u00e4<br \/>\n\u201dValmennus auttoi minua eritt\u00e4in paljon ja koen sen jopa nyt v\u00e4ltt\u00e4m\u00e4tt\u00f6m\u00e4n\u00e4, jotta ymm\u00e4rr\u00e4n uutta ymp\u00e4rist\u00f6\u00e4ni paremmin.\u201d<\/p>\n<p>Mimino Oy:n koulutuspalveluita ovat k\u00e4ytt\u00e4neet mm. seuraavat yritykset ja organisaatiot:<br \/>\nAalto yliopisto \/ Helsingin kauppakorkeakoulu, Pienyrityskeskus, Mikkeli<br \/>\nHaaga-Perho<br \/>\nHelia \u2013 Helsingin liiketaloudellinen ammattikorkeakoulu<br \/>\nHelsinki Expert<br \/>\nIcelandair<br \/>\nKainuun TE-keskus<br \/>\nMIF Management Institute of Finland (ent. Fintra)<br \/>\nMikkelin ammattikorkeakoulu<br \/>\nRovaniemen aikuiskoulutuskeskus \/Projekti: Zakuska<br \/>\nSilja Line<br \/>\nSMAL<br \/>\nSokos hotels<br \/>\nValio<br \/>\n\u2013 ja monet muut.<\/p>\n<p>L\u00e4hikoulutuksia on j\u00e4rjestetty Suomessa ja ulkomailla: koulutuspaikkoina esim.<br \/>\nEspoo, Eura, Helsinki, H\u00e4meenlinna, Imatra, Ivalo, Kalajoki, Kangasniemi, Koli, Kouvola, Lahti, Lappeenranta, Luosto, Mikkeli, Oulu, Pietari, Pori, Porvoo, Puumala, Rantasalmi, Reykjavik, Rovaniemi, Ruka, Salla, Sein\u00e4joki, Tampere, Turku, Vantaa.<\/p>","protected":false},"excerpt":{"rendered":"<p>Asiakkaiden kokemus koulutuksen laadusta on ensisijaisen t\u00e4rke\u00e4\u00e4 koulutusorganisaatiolle, niin my\u00f6s Mimino Oy:lle. Kun vahva Ven\u00e4j\u00e4-osaaminen yhdistyy kouluttajan osaamiseen esitt\u00e4\u00e4 asiat selke\u00e4sti ja el\u00e4v\u00e4sti, ovat oppimistulokset parhaita. Koulutuksiin\u00a0osallistuneiden mielipiteit\u00e4: \u2013 hyvin asiallinen ja selke\u00e4 esitys \u2013 sujuva ulosanti, mukava kuunnella \u2013 paljon asiaa ja kokemuspohjaista tietoa \u2013 kouluttajalla eritt\u00e4in laaja ammattitaito ja osaaminen \u2013 ajankohtainen tietous \u2013 hyv\u00e4 esiintymistaito \u2013 selke\u00e4 eteneminen, selke\u00e4 materiaali \u2013 hyvi\u00e4 esimerkkitapauksia el\u00e4v\u00e4st\u00e4 el\u00e4m\u00e4st\u00e4 \u201dValmennus auttoi minua eritt\u00e4in paljon ja koen sen jopa nyt v\u00e4ltt\u00e4m\u00e4tt\u00f6m\u00e4n\u00e4, jotta ymm\u00e4rr\u00e4n uutta ymp\u00e4rist\u00f6\u00e4ni paremmin.\u201d Mimino Oy:n koulutuspalveluita ovat k\u00e4ytt\u00e4neet mm. seuraavat yritykset ja organisaatiot: Aalto yliopisto \/ Helsingin kauppakorkeakoulu, Pienyrityskeskus, Mikkeli Haaga-Perho Helia \u2013 Helsingin liiketaloudellinen ammattikorkeakoulu Helsinki Expert Icelandair Kainuun TE-keskus MIF Management Institute of Finland (ent. Fintra) Mikkelin ammattikorkeakoulu Rovaniemen aikuiskoulutuskeskus \/Projekti: Zakuska Silja Line SMAL Sokos hotels Valio \u2013 ja monet muut. L\u00e4hikoulutuksia on j\u00e4rjestetty Suomessa ja ulkomailla: koulutuspaikkoina esim. Espoo, Eura, Helsinki, H\u00e4meenlinna, Imatra, Ivalo, Kalajoki, Kangasniemi, Koli, Kouvola, Lahti, Lappeenranta, Luosto, Mikkeli, Oulu, Pietari, Pori, Porvoo, Puumala, Rantasalmi, Reykjavik, Rovaniemi, Ruka, Salla, Sein\u00e4joki, Tampere, Turku, Vantaa.<\/p>\n","protected":false},"author":4,"featured_media":0,"parent":0,"menu_order":0,"comment_status":"closed","ping_status":"closed","template":"","meta":{"footnotes":""},"class_list":["post-32","page","type-page","status-publish","hentry"],"_links":{"self":[{"href":"https:\/\/www.mimino.fi\/fi\/wp-json\/wp\/v2\/pages\/32","targetHints":{"allow":["GET"]}}],"collection":[{"href":"https:\/\/www.mimino.fi\/fi\/wp-json\/wp\/v2\/pages"}],"about":[{"href":"https:\/\/www.mimino.fi\/fi\/wp-json\/wp\/v2\/types\/page"}],"author":[{"embeddable":true,"href":"https:\/\/www.mimino.fi\/fi\/wp-json\/wp\/v2\/users\/4"}],"replies":[{"embeddable":true,"href":"https:\/\/www.mimino.fi\/fi\/wp-json\/wp\/v2\/comments?post=32"}],"version-history":[{"count":4,"href":"https:\/\/www.mimino.fi\/fi\/wp-json\/wp\/v2\/pages\/32\/revisions"}],"predecessor-version":[{"id":994,"href":"https:\/\/www.mimino.fi\/fi\/wp-json\/wp\/v2\/pages\/32\/revisions\/994"}],"wp:attachment":[{"href":"https:\/\/www.mimino.fi\/fi\/wp-json\/wp\/v2\/media?parent=32"}],"curies":[{"name":"wp","href":"https:\/\/api.w.org\/{rel}","templated":true}]}}