{"id":22,"date":"2019-09-26T16:33:25","date_gmt":"2019-09-26T16:33:25","guid":{"rendered":"http:\/\/www.mimino.fi\/?page_id=22"},"modified":"2023-12-08T12:03:37","modified_gmt":"2023-12-08T12:03:37","slug":"suomi-venajan-kieli","status":"publish","type":"page","link":"https:\/\/www.mimino.fi\/fi\/suomi-venajan-kieli\/","title":{"rendered":"Valmennus"},"content":{"rendered":"<p><strong>Matkailu ja kansainv\u00e4lisyys<br \/>\n<\/strong><\/p>\n<p>Kansainv\u00e4lisyys on nykyp\u00e4iv\u00e4\u00e4. Jo pelk\u00e4st\u00e4\u00e4n Suomessa ulkomaalaisten m\u00e4\u00e4r\u00e4 kasvaa ja he ovat yh\u00e4 n\u00e4kyv\u00e4mpi osa yhteiskuntaa. My\u00f6s yritysten on yh\u00e4 enemm\u00e4n sopeuduttava toimimaan globaalissa ymp\u00e4rist\u00f6ss\u00e4. Kaikki toiminta maiden ja kansojen v\u00e4lill\u00e4 on helpompaa silloin, kun ymm\u00e4rt\u00e4\u00e4 yhteisty\u00f6kumppanin taustaa ja ajatusmaailmaa.<\/p>\n<p>Elinik\u00e4inen oppiminen on nykyaikana v\u00e4ltt\u00e4m\u00e4t\u00f6n edellytys yhteiskunnan ja talousel\u00e4m\u00e4n kehitykselle. Onnistunut toiminta globalisaation kasvaessa edellytt\u00e4\u00e4 ihmisilt\u00e4 ja yrityksilt\u00e4 yh\u00e4 enemm\u00e4n tietoa muista maista ja niiden toimintatavoista. Matkailuelinkeinon kehitt\u00e4miselle muiden kansojen tapojen tunteminen on erityisen t\u00e4rke\u00e4\u00e4. Informaatiota on saatavilla runsaasti, mutta vaatii paljon aikaa ja vaivaa l\u00f6yt\u00e4\u00e4 suuresta tulvasta olennainen ja oikea tieto. Asiantuntijan avulla p\u00e4\u00e4m\u00e4\u00e4r\u00e4\u00e4n p\u00e4\u00e4see helpommin. Sek\u00e4 kansainv\u00e4lisyys ett\u00e4 matkailu ovat Mimino Oy:n vahvoja osaamisalueita.<\/p>\n<p>Mimino Oy on yhteisty\u00f6ss\u00e4 kumppaniensa kanssa toteuttanut my\u00f6s <a href=\"https:\/\/www.mimino.fi\/suomi-venajan-kieli\/kielipalvelut\/\">kielipalveluita.<\/a><\/p>\n<p><strong>Koulutusvienti<\/strong><\/p>\n<p>Virve Obolgogiani on my\u00f6s koulutusviennin asiantuntija. Business Finlandin j\u00e4rjest\u00e4m\u00e4st\u00e4 verkkotapahtuman tallenteesta l\u00f6yd\u00e4t videon ja aineistoa aiheina Ammattilaisvierailuiden tuotteistaminen ja Ven\u00e4j\u00e4 koulutusmatkailun kohdemarkkinana: <a href=\"https:\/\/www.businessfinland.fi\/ajankohtaista\/tapahtumat\/visit-finland\/2021\/koulutusmatkailutuotteiden-myynti-ja-markkinointi\" target=\"_blank\" rel=\"noopener noreferrer\">koulutusmatkailutuotteiden myynti ja markkinointi.<\/a><\/p>\n<p><strong>Yritt\u00e4jyys<\/strong><\/p>\n<p>Yritt\u00e4jyyden merkityksest\u00e4 Suomen taloudelle on julkisuudessa puhuttu ja kirjoitettu paljon. Opiskelijoiden yritt\u00e4j\u00e4my\u00f6nteisyytt\u00e4 on tutkittu ja heid\u00e4n v\u00e4h\u00e4ist\u00e4 kiinnostustaan yritt\u00e4jyyteen muiden maiden opiskelijoihin verrattuna on voivoteltu. Maahanmuuttajien merkitys ja heid\u00e4n mahdollisuutensa yritt\u00e4jin\u00e4 on nostettu esille.<\/p>\n<p>Mimino Oy:n perustaja Virve Obolgogiani, KTM, kertoo omista kokemuksistaan yritt\u00e4j\u00e4n\u00e4 ja n\u00e4kemyksist\u00e4\u00e4n yritt\u00e4jyydest\u00e4. Sopivia\u00a0 kokonaisuuksia aiheesta voidaan luoda esim. oppilaitoksille ja erilaisiin yritt\u00e4jyytt\u00e4 k\u00e4sitteleviin tilaisuuksiin.<\/p>","protected":false},"excerpt":{"rendered":"<p>Matkailu ja kansainv\u00e4lisyys Kansainv\u00e4lisyys on nykyp\u00e4iv\u00e4\u00e4. Jo pelk\u00e4st\u00e4\u00e4n Suomessa ulkomaalaisten m\u00e4\u00e4r\u00e4 kasvaa ja he ovat yh\u00e4 n\u00e4kyv\u00e4mpi osa yhteiskuntaa. My\u00f6s yritysten on yh\u00e4 enemm\u00e4n sopeuduttava toimimaan globaalissa ymp\u00e4rist\u00f6ss\u00e4. Kaikki toiminta maiden ja kansojen v\u00e4lill\u00e4 on helpompaa silloin, kun ymm\u00e4rt\u00e4\u00e4 yhteisty\u00f6kumppanin taustaa ja ajatusmaailmaa. Elinik\u00e4inen oppiminen on nykyaikana v\u00e4ltt\u00e4m\u00e4t\u00f6n edellytys yhteiskunnan ja talousel\u00e4m\u00e4n kehitykselle. Onnistunut toiminta globalisaation kasvaessa edellytt\u00e4\u00e4 ihmisilt\u00e4 ja yrityksilt\u00e4 yh\u00e4 enemm\u00e4n tietoa muista maista ja niiden toimintatavoista. Matkailuelinkeinon kehitt\u00e4miselle muiden kansojen tapojen tunteminen on erityisen t\u00e4rke\u00e4\u00e4. Informaatiota on saatavilla runsaasti, mutta vaatii paljon aikaa ja vaivaa l\u00f6yt\u00e4\u00e4 suuresta tulvasta olennainen ja oikea tieto. Asiantuntijan avulla p\u00e4\u00e4m\u00e4\u00e4r\u00e4\u00e4n p\u00e4\u00e4see helpommin. Sek\u00e4 kansainv\u00e4lisyys ett\u00e4 matkailu ovat Mimino Oy:n vahvoja osaamisalueita. Mimino Oy on yhteisty\u00f6ss\u00e4 kumppaniensa kanssa toteuttanut my\u00f6s kielipalveluita. Koulutusvienti Virve Obolgogiani on my\u00f6s koulutusviennin asiantuntija. Business Finlandin j\u00e4rjest\u00e4m\u00e4st\u00e4 verkkotapahtuman tallenteesta l\u00f6yd\u00e4t videon ja aineistoa aiheina Ammattilaisvierailuiden tuotteistaminen ja Ven\u00e4j\u00e4 koulutusmatkailun kohdemarkkinana: koulutusmatkailutuotteiden myynti ja markkinointi. Yritt\u00e4jyys Yritt\u00e4jyyden merkityksest\u00e4 Suomen taloudelle on julkisuudessa puhuttu ja kirjoitettu paljon. Opiskelijoiden yritt\u00e4j\u00e4my\u00f6nteisyytt\u00e4 on tutkittu ja heid\u00e4n v\u00e4h\u00e4ist\u00e4 kiinnostustaan yritt\u00e4jyyteen muiden maiden opiskelijoihin verrattuna on voivoteltu. Maahanmuuttajien merkitys ja heid\u00e4n mahdollisuutensa yritt\u00e4jin\u00e4 on nostettu esille. Mimino Oy:n perustaja Virve Obolgogiani, KTM, kertoo omista kokemuksistaan yritt\u00e4j\u00e4n\u00e4 ja n\u00e4kemyksist\u00e4\u00e4n yritt\u00e4jyydest\u00e4. Sopivia\u00a0 kokonaisuuksia aiheesta voidaan luoda esim. oppilaitoksille ja erilaisiin yritt\u00e4jyytt\u00e4 k\u00e4sitteleviin tilaisuuksiin.<\/p>\n","protected":false},"author":4,"featured_media":0,"parent":0,"menu_order":0,"comment_status":"closed","ping_status":"closed","template":"","meta":{"footnotes":""},"class_list":["post-22","page","type-page","status-publish","hentry"],"_links":{"self":[{"href":"https:\/\/www.mimino.fi\/fi\/wp-json\/wp\/v2\/pages\/22","targetHints":{"allow":["GET"]}}],"collection":[{"href":"https:\/\/www.mimino.fi\/fi\/wp-json\/wp\/v2\/pages"}],"about":[{"href":"https:\/\/www.mimino.fi\/fi\/wp-json\/wp\/v2\/types\/page"}],"author":[{"embeddable":true,"href":"https:\/\/www.mimino.fi\/fi\/wp-json\/wp\/v2\/users\/4"}],"replies":[{"embeddable":true,"href":"https:\/\/www.mimino.fi\/fi\/wp-json\/wp\/v2\/comments?post=22"}],"version-history":[{"count":19,"href":"https:\/\/www.mimino.fi\/fi\/wp-json\/wp\/v2\/pages\/22\/revisions"}],"predecessor-version":[{"id":1237,"href":"https:\/\/www.mimino.fi\/fi\/wp-json\/wp\/v2\/pages\/22\/revisions\/1237"}],"wp:attachment":[{"href":"https:\/\/www.mimino.fi\/fi\/wp-json\/wp\/v2\/media?parent=22"}],"curies":[{"name":"wp","href":"https:\/\/api.w.org\/{rel}","templated":true}]}}