{"id":20,"date":"2019-09-26T16:32:18","date_gmt":"2019-09-26T16:32:18","guid":{"rendered":"http:\/\/www.mimino.fi\/?page_id=20"},"modified":"2023-12-08T14:10:40","modified_gmt":"2023-12-08T14:10:40","slug":"suomi-yritys","status":"publish","type":"page","link":"https:\/\/www.mimino.fi\/fi\/suomi-yritys\/","title":{"rendered":"Yritys"},"content":{"rendered":"<p>Mimino Oy on vuodesta 2001 valmentanut suomalaisia yrityksi\u00e4 ymm\u00e4rt\u00e4m\u00e4\u00e4n kansainv\u00e4lisi\u00e4 toimintatapoja. Siin\u00e4 roolissa on tullut esiin my\u00f6s tarve kyet\u00e4 laajentamaan ajatusmaailmaa \u2013 erityisesti osapuolten, joiden on vaikea l\u00f6yt\u00e4\u00e4 yhteist\u00e4 n\u00e4kemyst\u00e4. Siit\u00e4 tarpeesta syntyi malli Ajattele laajasti \u2013 Cogita ample<\/p>\n<p>Suomalainen osaaminen on kiinnostanut vahvasti maailmalla. Mimino Oy on ollut mukana koulutusviennin kehitt\u00e4misess\u00e4, mm. perustamalla yrityksen ComDe Oy \u2013 Competence development.<\/p>\n<p>Valmennusten ohella yritys toimii aktiivisesti my\u00f6s viihde-, musiikki- ja urheilumaailmassa. Se osallistuu mm. Sansibarilla projektiin <a href=\"https:\/\/www.fitpit.fi\/fi\/yritysvastuu\/sansibar\" target=\"_blank\" rel=\"noopener\">Uinti muuttaa el\u00e4m\u00e4\u00e4<\/a>, jota vet\u00e4\u00e4 FitPit Oy.<\/p>\n<p>Mimino Oy:n tavoitteena on auttaa asiakkaita kehittym\u00e4\u00e4n dynaamisesti. Yll\u00e4pit\u00e4m\u00e4ll\u00e4 aktiivisesti oman osaamisen korkeata tasoa se tarjoaa edelleen asiakkaille laadukkaita asiantuntijapalveluita.<\/p>\n<p>Yrityksess\u00e4 on kehitetty uusi Cogita ample -valmennusmalli, joka edist\u00e4\u00e4 organisaatioissa eri siilojen v\u00e4list\u00e4 vuorovaikutusta. <a href=\"https:\/\/www.cogitaample.fi\/\" target=\"_blank\" rel=\"noopener noreferrer\">https:\/\/www.cogitaample.fi\/<\/a><\/p>\n<p><strong>Perustaja Virve Obolgogiani<img loading=\"lazy\" decoding=\"async\" class=\"alignright size-full wp-image-1206\" src=\"http:\/\/www.mimino.fi\/wp-content\/uploads\/2022\/11\/sanl-Virve-kirjoituskilpailu-kuvaaja-Mari-Waegelein-raj-p30.jpg\" alt=\"\" width=\"232\" height=\"295\" \/><\/strong><\/p>\n<p>Virve Obolgogiani on Helsingin kauppakorkeakoulusta valmistunut ekonomi (KTM). Lis\u00e4ksi h\u00e4n on suorittanut Avoimessa yliopistossa Aikuiskasvatustieteen perusteet.<br \/>\nH\u00e4nen ty\u00f6kokemuksensa on vahvasti kansainv\u00e4linen, h\u00e4n on mm. toiminut Moskovassa ensin suomalaisen sitten tanskalaisen matkatoimiston johdossa.<br \/>\nVuonna 2001 Virve perusti yrityksen Mimino Oy tavoitteenaan edist\u00e4\u00e4 suomalaisten yritysten kansainv\u00e4lisen toiminnan edellytyksi\u00e4, erityisesti opettaa ymm\u00e4rt\u00e4m\u00e4\u00e4n kulttuurienv\u00e4list\u00e4 kommunikointia. Vuonna 2019 h\u00e4n kehitti <a href=\"https:\/\/www.cogitaample.fi\/\" target=\"_blank\" rel=\"noopener\">Cogita ample<\/a> -mallin, joka auttaa parantamaan organisaation toimintaa, yhteisty\u00f6t\u00e4 sek\u00e4 eri yksik\u00f6iden ett\u00e4 kumppaneiden kanssa. Kouluttajana ja esiintyj\u00e4n\u00e4 h\u00e4n on saanut runsaasti positiivista palautetta laajasta asiantuntemuksesta, k\u00e4yt\u00e4nn\u00f6nl\u00e4heisyydest\u00e4 ja sujuvasta esitystavasta. Koulutuskieli\u00e4 ovat suomi, englanti ja ven\u00e4j\u00e4.<br \/>\nVoit lukea lis\u00e4\u00e4 Virvest\u00e4 <a href=\"https:\/\/www.linkedin.com\/in\/virve-obolgogiani-528aa515\/\">LinkedIn:st\u00e4<\/a>.<br \/>\nKontaktitiedot s-posti: vo@mimino.fi, puhelin: +358 40 7674212<\/p>\n<p><strong>Toimitusjohtaja Oliver Obolgogiani<\/strong><\/p>\n<p>Oliver Obolgogianilla on usean vuoden kokemus yritt\u00e4misest\u00e4 erityisesti viihde-, urheilu- ja musiikkimaailmassa sek\u00e4 niihin liittyvien tapahtumien j\u00e4rjest\u00e4misest\u00e4. H\u00e4n on ollut mukana perustamassa <a href=\"https:\/\/www.fitpit.fi\/\" target=\"_blank\" rel=\"noopener\">FitPit Oy:t\u00e4<\/a> vuonna 2015 ja toimii yhti\u00f6n hallituksessa.<br \/>\nOliver on ollut my\u00f6s perustamassa yrityksi\u00e4 Khatru Music Oy, my\u00f6hemmin Axu Arts Oy. H\u00e4n toimii <a href=\"https:\/\/www.axelthesleff.com\/\" target=\"_blank\" rel=\"noopener\">Axel Thesleffin<\/a> managerina ja vastaa kaikesta artistin liiketoiminnasta mm. ulkomaan kiertueiden, musiikkivideoiden kuvausten j\u00e4rjest\u00e4misest\u00e4 sek\u00e4 yhteisty\u00f6st\u00e4 striimauspalveluiden kanssa.<br \/>\nVoit lukea Oliverista lis\u00e4\u00e4 h\u00e4nen <a href=\"https:\/\/www.linkedin.com\/in\/oliver-obolgogiani-4279bb2b\/\" target=\"_blank\" rel=\"noopener\">LinkedIn-profiilistaan.<\/a><br \/>\nKontaktitiedot: <a href=\"mailto:oliver.obolgogiani@gmail.com\">oliver.obolgogiani@gmail.com<\/a>; puhelin: +358 50 5200024<\/p>\n<p><a href=\"http:\/\/www.mimino.fi\/wp-content\/uploads\/2018\/07\/Asiakasrekisterin-tietosuojaseloste-Mimino-Oy.pdf\">Mimino Oy:n tietosuojaseloste<\/a><\/p>","protected":false},"excerpt":{"rendered":"<p>Mimino Oy on vuodesta 2001 valmentanut suomalaisia yrityksi\u00e4 ymm\u00e4rt\u00e4m\u00e4\u00e4n kansainv\u00e4lisi\u00e4 toimintatapoja. Siin\u00e4 roolissa on tullut esiin my\u00f6s tarve kyet\u00e4 laajentamaan ajatusmaailmaa \u2013 erityisesti osapuolten, joiden on vaikea l\u00f6yt\u00e4\u00e4 yhteist\u00e4 n\u00e4kemyst\u00e4. Siit\u00e4 tarpeesta syntyi malli Ajattele laajasti \u2013 Cogita ample Suomalainen osaaminen on kiinnostanut vahvasti maailmalla. Mimino Oy on ollut mukana koulutusviennin kehitt\u00e4misess\u00e4, mm. perustamalla yrityksen ComDe Oy \u2013 Competence development. Valmennusten ohella yritys toimii aktiivisesti my\u00f6s viihde-, musiikki- ja urheilumaailmassa. Se osallistuu mm. Sansibarilla projektiin Uinti muuttaa el\u00e4m\u00e4\u00e4, jota vet\u00e4\u00e4 FitPit Oy. Mimino Oy:n tavoitteena on auttaa asiakkaita kehittym\u00e4\u00e4n dynaamisesti. Yll\u00e4pit\u00e4m\u00e4ll\u00e4 aktiivisesti oman osaamisen korkeata tasoa se tarjoaa edelleen asiakkaille laadukkaita asiantuntijapalveluita. Yrityksess\u00e4 on kehitetty uusi Cogita ample -valmennusmalli, joka edist\u00e4\u00e4 organisaatioissa eri siilojen v\u00e4list\u00e4 vuorovaikutusta. https:\/\/www.cogitaample.fi\/ Perustaja Virve Obolgogiani Virve Obolgogiani on Helsingin kauppakorkeakoulusta valmistunut ekonomi (KTM). Lis\u00e4ksi h\u00e4n on suorittanut Avoimessa yliopistossa Aikuiskasvatustieteen perusteet. H\u00e4nen ty\u00f6kokemuksensa on vahvasti kansainv\u00e4linen, h\u00e4n on mm. toiminut Moskovassa ensin suomalaisen sitten tanskalaisen matkatoimiston johdossa. Vuonna 2001 Virve perusti yrityksen Mimino Oy tavoitteenaan edist\u00e4\u00e4 suomalaisten yritysten kansainv\u00e4lisen toiminnan edellytyksi\u00e4, erityisesti opettaa ymm\u00e4rt\u00e4m\u00e4\u00e4n kulttuurienv\u00e4list\u00e4 kommunikointia. Vuonna 2019 h\u00e4n kehitti Cogita ample -mallin, joka auttaa parantamaan organisaation toimintaa, yhteisty\u00f6t\u00e4 sek\u00e4 eri yksik\u00f6iden ett\u00e4 kumppaneiden kanssa. Kouluttajana ja esiintyj\u00e4n\u00e4 h\u00e4n on saanut runsaasti positiivista palautetta laajasta asiantuntemuksesta, k\u00e4yt\u00e4nn\u00f6nl\u00e4heisyydest\u00e4 ja sujuvasta esitystavasta. Koulutuskieli\u00e4 ovat suomi, englanti ja ven\u00e4j\u00e4. Voit lukea lis\u00e4\u00e4 Virvest\u00e4 LinkedIn:st\u00e4. Kontaktitiedot s-posti: vo@mimino.fi, puhelin: +358 40 7674212 Toimitusjohtaja Oliver Obolgogiani Oliver Obolgogianilla on usean vuoden kokemus yritt\u00e4misest\u00e4 erityisesti viihde-, urheilu- ja musiikkimaailmassa sek\u00e4 niihin liittyvien tapahtumien j\u00e4rjest\u00e4misest\u00e4. H\u00e4n on ollut mukana perustamassa FitPit Oy:t\u00e4 vuonna 2015 ja toimii yhti\u00f6n hallituksessa. Oliver on ollut my\u00f6s perustamassa yrityksi\u00e4 Khatru Music Oy, my\u00f6hemmin Axu Arts Oy. H\u00e4n toimii Axel Thesleffin managerina ja vastaa kaikesta artistin liiketoiminnasta mm. ulkomaan kiertueiden, musiikkivideoiden kuvausten j\u00e4rjest\u00e4misest\u00e4 sek\u00e4 yhteisty\u00f6st\u00e4 striimauspalveluiden kanssa. Voit lukea Oliverista lis\u00e4\u00e4 h\u00e4nen LinkedIn-profiilistaan. Kontaktitiedot: oliver.obolgogiani@gmail.com; puhelin: +358 50 5200024 Mimino Oy:n tietosuojaseloste<\/p>\n","protected":false},"author":4,"featured_media":0,"parent":0,"menu_order":0,"comment_status":"closed","ping_status":"closed","template":"","meta":{"footnotes":""},"class_list":["post-20","page","type-page","status-publish","hentry"],"_links":{"self":[{"href":"https:\/\/www.mimino.fi\/fi\/wp-json\/wp\/v2\/pages\/20","targetHints":{"allow":["GET"]}}],"collection":[{"href":"https:\/\/www.mimino.fi\/fi\/wp-json\/wp\/v2\/pages"}],"about":[{"href":"https:\/\/www.mimino.fi\/fi\/wp-json\/wp\/v2\/types\/page"}],"author":[{"embeddable":true,"href":"https:\/\/www.mimino.fi\/fi\/wp-json\/wp\/v2\/users\/4"}],"replies":[{"embeddable":true,"href":"https:\/\/www.mimino.fi\/fi\/wp-json\/wp\/v2\/comments?post=20"}],"version-history":[{"count":25,"href":"https:\/\/www.mimino.fi\/fi\/wp-json\/wp\/v2\/pages\/20\/revisions"}],"predecessor-version":[{"id":1238,"href":"https:\/\/www.mimino.fi\/fi\/wp-json\/wp\/v2\/pages\/20\/revisions\/1238"}],"wp:attachment":[{"href":"https:\/\/www.mimino.fi\/fi\/wp-json\/wp\/v2\/media?parent=20"}],"curies":[{"name":"wp","href":"https:\/\/api.w.org\/{rel}","templated":true}]}}