{"id":2,"date":"2019-09-22T15:08:01","date_gmt":"2019-09-22T15:08:01","guid":{"rendered":"http:\/\/www.mimino.fi\/?page_id=2"},"modified":"2023-02-08T09:46:47","modified_gmt":"2023-02-08T09:46:47","slug":"home","status":"publish","type":"page","link":"https:\/\/www.mimino.fi\/fi\/","title":{"rendered":"Mimino Oy"},"content":{"rendered":"<p>Mimino Oy on kansainv\u00e4listen mahdollisuuksien avaaja ja sillanrakentaja. Se auttaa laajentamaan ajatusmaailmaa, mik\u00e4 luo edellytyksi\u00e4 menesty\u00e4 maailmalla. Ydintoimintaa ovat kansainv\u00e4linen yhteisty\u00f6 matkailun, osaamisen kehitt\u00e4misen, musiikin ja urheilun alalla. Palveluita ovat valmennukset, konsultointi, projektien l\u00e4pivienti.<\/p>\n<p>Lis\u00e4tietoja valmennustuotteesta: <a href=\"https:\/\/www.cogitaample.fi\/\" target=\"_blank\" rel=\"noopener noreferrer\">Cogita ample &#8211; ajattele laajasti<\/a>.<\/p>\n<p>Mimino Oy on my\u00f6s ollut perustamassa yrityst\u00e4\u00a0<a href=\"http:\/\/www.comde.fi\/\">ComDe Oy \u2013 Competence Development.\u00a0<\/a><\/p>\n<p>Miminon slangituotteita l\u00f6yd\u00e4t sivulta: <a href=\"https:\/\/slangibuidu.fi\/\" target=\"_blank\" rel=\"noopener noreferrer\">SlangiBuidu<\/a>.<\/p>\n<p><em>Yhteystiedot:<br \/>\ns-posti: vo(at)mimino.fi<br \/>\npuh.: +358 40 7674212<br \/>\n<\/em><\/p>","protected":false},"excerpt":{"rendered":"<p>Mimino Oy on kansainv\u00e4listen mahdollisuuksien avaaja ja sillanrakentaja. Se auttaa laajentamaan ajatusmaailmaa, mik\u00e4 luo edellytyksi\u00e4 menesty\u00e4 maailmalla. Ydintoimintaa ovat kansainv\u00e4linen yhteisty\u00f6 matkailun, osaamisen kehitt\u00e4misen, musiikin ja urheilun alalla. Palveluita ovat valmennukset, konsultointi, projektien l\u00e4pivienti. Lis\u00e4tietoja valmennustuotteesta: Cogita ample &#8211; ajattele laajasti. Mimino Oy on my\u00f6s ollut perustamassa yrityst\u00e4\u00a0ComDe Oy \u2013 Competence Development.\u00a0 Miminon slangituotteita l\u00f6yd\u00e4t sivulta: SlangiBuidu. Yhteystiedot: s-posti: vo(at)mimino.fi puh.: +358 40 7674212<\/p>\n","protected":false},"author":4,"featured_media":0,"parent":0,"menu_order":0,"comment_status":"closed","ping_status":"open","template":"","meta":{"footnotes":""},"class_list":["post-2","page","type-page","status-publish","hentry"],"_links":{"self":[{"href":"https:\/\/www.mimino.fi\/fi\/wp-json\/wp\/v2\/pages\/2","targetHints":{"allow":["GET"]}}],"collection":[{"href":"https:\/\/www.mimino.fi\/fi\/wp-json\/wp\/v2\/pages"}],"about":[{"href":"https:\/\/www.mimino.fi\/fi\/wp-json\/wp\/v2\/types\/page"}],"author":[{"embeddable":true,"href":"https:\/\/www.mimino.fi\/fi\/wp-json\/wp\/v2\/users\/4"}],"replies":[{"embeddable":true,"href":"https:\/\/www.mimino.fi\/fi\/wp-json\/wp\/v2\/comments?post=2"}],"version-history":[{"count":25,"href":"https:\/\/www.mimino.fi\/fi\/wp-json\/wp\/v2\/pages\/2\/revisions"}],"predecessor-version":[{"id":1220,"href":"https:\/\/www.mimino.fi\/fi\/wp-json\/wp\/v2\/pages\/2\/revisions\/1220"}],"wp:attachment":[{"href":"https:\/\/www.mimino.fi\/fi\/wp-json\/wp\/v2\/media?parent=2"}],"curies":[{"name":"wp","href":"https:\/\/api.w.org\/{rel}","templated":true}]}}