{"id":1290,"date":"2024-11-07T07:20:15","date_gmt":"2024-11-07T07:20:15","guid":{"rendered":"https:\/\/www.mimino.fi\/?page_id=1290"},"modified":"2024-11-21T05:09:10","modified_gmt":"2024-11-21T05:09:10","slug":"comde-competence-development","status":"publish","type":"page","link":"https:\/\/www.mimino.fi\/fi\/suomi-yritys\/comde-competence-development\/","title":{"rendered":"ComDe &#8211; competence development"},"content":{"rendered":"<p>ComDe perustettiin vuonna 2011 tarjoamaan koulutus- ja asiantuntijapalveluita kansainv\u00e4lisille asiakkaille. Se toimi verkostojen koordinoijana ja perustamisestaan l\u00e4htien osallistui aktiivisesti koulutusviennin suunnitteluun vuoteen 2020 asti.<\/p>\n<p>ComDe on Mimino Oy:n tyt\u00e4ryhti\u00f6.<\/p>","protected":false},"excerpt":{"rendered":"<p>ComDe perustettiin vuonna 2011 tarjoamaan koulutus- ja asiantuntijapalveluita kansainv\u00e4lisille asiakkaille. Se toimi verkostojen koordinoijana ja perustamisestaan l\u00e4htien osallistui aktiivisesti koulutusviennin suunnitteluun vuoteen 2020 asti. ComDe on Mimino Oy:n tyt\u00e4ryhti\u00f6.<\/p>\n","protected":false},"author":4,"featured_media":0,"parent":20,"menu_order":0,"comment_status":"closed","ping_status":"closed","template":"","meta":{"footnotes":""},"class_list":["post-1290","page","type-page","status-publish","hentry"],"_links":{"self":[{"href":"https:\/\/www.mimino.fi\/fi\/wp-json\/wp\/v2\/pages\/1290","targetHints":{"allow":["GET"]}}],"collection":[{"href":"https:\/\/www.mimino.fi\/fi\/wp-json\/wp\/v2\/pages"}],"about":[{"href":"https:\/\/www.mimino.fi\/fi\/wp-json\/wp\/v2\/types\/page"}],"author":[{"embeddable":true,"href":"https:\/\/www.mimino.fi\/fi\/wp-json\/wp\/v2\/users\/4"}],"replies":[{"embeddable":true,"href":"https:\/\/www.mimino.fi\/fi\/wp-json\/wp\/v2\/comments?post=1290"}],"version-history":[{"count":4,"href":"https:\/\/www.mimino.fi\/fi\/wp-json\/wp\/v2\/pages\/1290\/revisions"}],"predecessor-version":[{"id":1300,"href":"https:\/\/www.mimino.fi\/fi\/wp-json\/wp\/v2\/pages\/1290\/revisions\/1300"}],"up":[{"embeddable":true,"href":"https:\/\/www.mimino.fi\/fi\/wp-json\/wp\/v2\/pages\/20"}],"wp:attachment":[{"href":"https:\/\/www.mimino.fi\/fi\/wp-json\/wp\/v2\/media?parent=1290"}],"curies":[{"name":"wp","href":"https:\/\/api.w.org\/{rel}","templated":true}]}}