{"id":1280,"date":"2024-09-07T08:30:03","date_gmt":"2024-09-07T08:30:03","guid":{"rendered":"https:\/\/www.mimino.fi\/?page_id=1280"},"modified":"2025-05-08T10:58:19","modified_gmt":"2025-05-08T10:58:19","slug":"suomi-pienen-herrasmiehen-kirja","status":"publish","type":"page","link":"https:\/\/www.mimino.fi\/fi\/julkaisut\/suomi-pienen-herrasmiehen-kirja\/","title":{"rendered":"Pienen herrasmiehen kirja"},"content":{"rendered":"<p>PIENEN HERRASMIEHEN KIRJA<img loading=\"lazy\" decoding=\"async\" class=\"alignright size-medium wp-image-1281\" src=\"http:\/\/www.mimino.fi\/wp-content\/uploads\/2024\/09\/PienenHerrasmiehenKirja_etukansi_vedos1-233x300.jpg\" alt=\"\" width=\"233\" height=\"300\" srcset=\"https:\/\/www.mimino.fi\/wp-content\/uploads\/2024\/09\/PienenHerrasmiehenKirja_etukansi_vedos1-233x300.jpg 233w, https:\/\/www.mimino.fi\/wp-content\/uploads\/2024\/09\/PienenHerrasmiehenKirja_etukansi_vedos1-794x1024.jpg 794w, https:\/\/www.mimino.fi\/wp-content\/uploads\/2024\/09\/PienenHerrasmiehenKirja_etukansi_vedos1-768x991.jpg 768w, https:\/\/www.mimino.fi\/wp-content\/uploads\/2024\/09\/PienenHerrasmiehenKirja_etukansi_vedos1-1191x1536.jpg 1191w, https:\/\/www.mimino.fi\/wp-content\/uploads\/2024\/09\/PienenHerrasmiehenKirja_etukansi_vedos1-1588x2048.jpg 1588w, https:\/\/www.mimino.fi\/wp-content\/uploads\/2024\/09\/PienenHerrasmiehenKirja_etukansi_vedos1-1140x1471.jpg 1140w, https:\/\/www.mimino.fi\/wp-content\/uploads\/2024\/09\/PienenHerrasmiehenKirja_etukansi_vedos1.jpg 1831w\" sizes=\"auto, (max-width: 233px) 100vw, 233px\" \/><\/p>\n<p>Tekij\u00e4: Virve Obolgogiani<br \/>\nKustantaja: Aviador kustannus<br \/>\nSivum\u00e4\u00e4r\u00e4: 66<br \/>\nISBN: 9789523812574<br \/>\nIlmestymisaika: Huhtikuu 2024<br \/>\nTietokirja, kasvatusopas<br \/>\nSidosasu: Nidottu, pehme\u00e4kantinen<\/p>\n<p>Kansi: Nina Aitta<\/p>\n<p>Aina ei ole niin helppoa olla herrasmies &#8211; ei iso eik\u00e4 pieni. Mutta jos kuitenkin jaksat yritt\u00e4\u00e4, saat varmasti siit\u00e4 kiitosta.<\/p>\n<p>Millainen on Pieni herrasmies ja miten h\u00e4n k\u00e4ytt\u00e4ytyy? T\u00e4m\u00e4 kirja vastaa n\u00e4ihin ja moniin muihin Pient\u00e4 herrasmiest\u00e4 ja h\u00e4nen kasvattajiaan askarruttaviin ajankohtaisiin kysymyksiin.<\/p>\n<p>Pieni herrasmies osaa pukeutua ja ruokailla oikein, h\u00e4n on huomaavainen ja vastuuntuntoinen, huolehtii muista ja itsest\u00e4\u00e4n eik\u00e4 koskaan lakkaa oppimasta uutta.<\/p>\n<p>Virve Obolgogiani on helsinkil\u00e4inen vapaa toimittaja ja yritysvalmentaja. Toimiessaan vaativissa kansainv\u00e4lisiss\u00e4 teht\u00e4viss\u00e4 h\u00e4n n\u00e4ki monenlaisia toiminta- ja k\u00e4yt\u00f6stapoja. Siit\u00e4 pohjasta ja omista kokemuksista pienten poikien kasvattajana alkoi synty\u00e4 ajatuksia pienest\u00e4 herrasmiehest\u00e4.<\/p>\n<p><strong>Kirjan voi tilata Mimino Oy:st\u00e4 s\u00e4hk\u00f6postitse: vo@mimino.fi &#8211; hinta 20 EUR + postituskulut (1-2\u00a0 kirjaa kirjeen\u00e4: 5 EUR, Postin XXS-pakettina jopa 8 kirjaa: 5,90 EUR)<\/strong><\/p>","protected":false},"excerpt":{"rendered":"<p>PIENEN HERRASMIEHEN KIRJA Tekij\u00e4: Virve Obolgogiani Kustantaja: Aviador kustannus Sivum\u00e4\u00e4r\u00e4: 66 ISBN: 9789523812574 Ilmestymisaika: Huhtikuu 2024 Tietokirja, kasvatusopas Sidosasu: Nidottu, pehme\u00e4kantinen Kansi: Nina Aitta Aina ei ole niin helppoa olla herrasmies &#8211; ei iso eik\u00e4 pieni. Mutta jos kuitenkin jaksat yritt\u00e4\u00e4, saat varmasti siit\u00e4 kiitosta. Millainen on Pieni herrasmies ja miten h\u00e4n k\u00e4ytt\u00e4ytyy? T\u00e4m\u00e4 kirja vastaa n\u00e4ihin ja moniin muihin Pient\u00e4 herrasmiest\u00e4 ja h\u00e4nen kasvattajiaan askarruttaviin ajankohtaisiin kysymyksiin. Pieni herrasmies osaa pukeutua ja ruokailla oikein, h\u00e4n on huomaavainen ja vastuuntuntoinen, huolehtii muista ja itsest\u00e4\u00e4n eik\u00e4 koskaan lakkaa oppimasta uutta. Virve Obolgogiani on helsinkil\u00e4inen vapaa toimittaja ja yritysvalmentaja. Toimiessaan vaativissa kansainv\u00e4lisiss\u00e4 teht\u00e4viss\u00e4 h\u00e4n n\u00e4ki monenlaisia toiminta- ja k\u00e4yt\u00f6stapoja. Siit\u00e4 pohjasta ja omista kokemuksista pienten poikien kasvattajana alkoi synty\u00e4 ajatuksia pienest\u00e4 herrasmiehest\u00e4. Kirjan voi tilata Mimino Oy:st\u00e4 s\u00e4hk\u00f6postitse: vo@mimino.fi &#8211; hinta 20 EUR + postituskulut (1-2\u00a0 kirjaa kirjeen\u00e4: 5 EUR, Postin XXS-pakettina jopa 8 kirjaa: 5,90 EUR)<\/p>\n","protected":false},"author":4,"featured_media":0,"parent":570,"menu_order":0,"comment_status":"closed","ping_status":"closed","template":"","meta":{"footnotes":""},"class_list":["post-1280","page","type-page","status-publish","hentry"],"_links":{"self":[{"href":"https:\/\/www.mimino.fi\/fi\/wp-json\/wp\/v2\/pages\/1280","targetHints":{"allow":["GET"]}}],"collection":[{"href":"https:\/\/www.mimino.fi\/fi\/wp-json\/wp\/v2\/pages"}],"about":[{"href":"https:\/\/www.mimino.fi\/fi\/wp-json\/wp\/v2\/types\/page"}],"author":[{"embeddable":true,"href":"https:\/\/www.mimino.fi\/fi\/wp-json\/wp\/v2\/users\/4"}],"replies":[{"embeddable":true,"href":"https:\/\/www.mimino.fi\/fi\/wp-json\/wp\/v2\/comments?post=1280"}],"version-history":[{"count":4,"href":"https:\/\/www.mimino.fi\/fi\/wp-json\/wp\/v2\/pages\/1280\/revisions"}],"predecessor-version":[{"id":1322,"href":"https:\/\/www.mimino.fi\/fi\/wp-json\/wp\/v2\/pages\/1280\/revisions\/1322"}],"up":[{"embeddable":true,"href":"https:\/\/www.mimino.fi\/fi\/wp-json\/wp\/v2\/pages\/570"}],"wp:attachment":[{"href":"https:\/\/www.mimino.fi\/fi\/wp-json\/wp\/v2\/media?parent=1280"}],"curies":[{"name":"wp","href":"https:\/\/api.w.org\/{rel}","templated":true}]}}