{"id":1240,"date":"2023-12-10T09:58:43","date_gmt":"2023-12-10T09:58:43","guid":{"rendered":"https:\/\/www.mimino.fi\/?page_id=1240"},"modified":"2026-02-04T13:15:34","modified_gmt":"2026-02-04T13:15:34","slug":"suomi-kon-ostar-kontulan-oma-lehti","status":"publish","type":"page","link":"https:\/\/www.mimino.fi\/fi\/suomi-kon-ostar-kontulan-oma-lehti\/","title":{"rendered":"Kon O&#8217;Star &#8211; Kontulan oma lehti"},"content":{"rendered":"<p>Kontulassa on oma paikallislehti Kon O&#8217;Star. Sen ensimm\u00e4inen numero ilmestyi perjantaina 22.12.2023. Kon O&#8217;Star ilmestyy joka kuukauden viimeisen\u00e4 perjantaina, paitsi joulukuussa perjantaina ennen joulua.<br \/>\nKon O&#8217;Star &#8211; Kontulan oma lehti sis\u00e4lt\u00e4\u00e4 paikallisia uutisia, tietoja paikallisista toimijoista ja tapahtumista. Kun haluat tiet\u00e4\u00e4, mit\u00e4 Kontulassa tapahtuu ja kuka t\u00e4\u00e4ll\u00e4 toimii, lue Kon O&#8217;Star.<\/p>\n<p>Jakelu: paikallisesti Kontulassa mm. kirjasto, uimahalli.<br \/>\nN\u00e4k\u00f6islehti luettavissa Lehtiluukku-palvelussa: <a href=\"https:\/\/www.lehtiluukku.fi\/lehdet\/kon_ostar\" target=\"_blank\" rel=\"noopener\">https:\/\/www.lehtiluukku.fi\/lehdet\/kon_ostar<\/a><\/p>\n<p>Voit my\u00f6s tilata Kon O&#8217;Starin <a href=\"https:\/\/8cde39f9.sibforms.com\/serve\/MUIFACeNwfUV08GTYB9TdASxuTH12A4t5jrRAMY5QD2GJ_G3kizwomvpiXFMxAtIjV0W9wFDZe33GBk2eMSRRq1eyG5ek-MoWM3HkUrSex224QLZjH4Av5JP-SHAljh_KVFlcLn7Jb4Hd-LuvxyO23zvr2X_w7o_MvngzUTQECL5HDmG41OrtBxHr-7hV4QUhvi-yOjqKvz3OKrfjw==\" target=\"_blank\" rel=\"noopener\">uutiskirjeen.<\/a><\/p>\n<p>T\u00e4ss\u00e4 esimerkkej\u00e4 lehden teemoista:<\/p>\n<p>Mit\u00e4 hyv\u00e4\u00e4 OmaStadi-rahat toisivat Kontulaan. Lue: <a href=\"https:\/\/www.lehtiluukku.fi\/lehdet\/kon_ostar\/11-2025\/440811.html\" target=\"_blank\" rel=\"noopener\">Kon O&#8217;Star 11\/2025<\/a><br \/>\nMiten uudistui Kuntokellari? Lue: <a href=\"https:\/\/www.lehtiluukku.fi\/lue\/kon_ostar\/9-2025\/433294.html\" target=\"_blank\" rel=\"noopener\">Kon O&#8217;Star 9\/2025<\/a><br \/>\nMillainen lyhytelokuva syntyi Kontulassa. Lue: <a href=\"https:\/\/www.lehtiluukku.fi\/lehdet\/kon_ostar\/8-2025\/429277.html\" target=\"_blank\" rel=\"noopener\">Kon O&#8217;Star 8\/2025<\/a><br \/>\nMiten toimii nuorten sosiaality\u00f6? <a href=\"https:\/\/www.lehtiluukku.fi\/lue\/kon_ostar\/6-2025\/422901.html\" target=\"_blank\" rel=\"noopener\">Lue Kon O&#8217;Star 6\/2025<\/a><br \/>\nMit\u00e4 ajattelee Kontulan oma kaupunginvaltuutettu? Lue: <a href=\"https:\/\/www.lehtiluukku.fi\/lue\/kon_ostar\/5-2025\/419040.html\" target=\"_blank\" rel=\"noopener\">Kon O&#8217;Star 5\/2025<\/a><br \/>\nMit\u00e4 kontulaiset ajattelevat asuinaluestaan? Lue: <a href=\"https:\/\/www.lehtiluukku.fi\/lue\/kon_ostar\/10-2024\/393931.html\">Kon O&#8217;Star 10\/2024<\/a><br \/>\nMillaiseksi toimittaja koki ryhm\u00e4liikunnan Kontulassa? Lue <a href=\"https:\/\/www.lehtiluukku.fi\/lue\/kon_ostar\/08-2024\/387943.html\">Kon O&#8217;Star 8\/2024<\/a><br \/>\nMiten vietettiin kes\u00e4iltaa leikkipuisto Lammessa? <a href=\"https:\/\/www.lehtiluukku.fi\/lehdet\/kon_ostar\/07-2024\/384410.html\">Lue Kon O&#8217;Star 7\/2024<\/a><br \/>\nMillaisena kokivat nuoret Kontulan 1960-luvulla? Lue <a href=\"https:\/\/www.lehtiluukku.fi\/lue\/kon_ostar\/04-2024\/375399.html\">Kon O&#8217;Star 4\/2024<\/a><br \/>\nN\u00e4m\u00e4 ja monia muita kiinnostavia juttuja. Tutustu Kontulaan lehden <a href=\"https:\/\/www.lehtiluukku.fi\/lehdet\/kon_ostar\" target=\"_blank\" rel=\"noopener\">sivuilla<\/a>!<\/p>\n<p>Lehden vastuullinen p\u00e4\u00e4toimittaja on Virve Obolgogiani. Lehte\u00e4 julkaisee Mimino Oy.<\/p>\n<p>Kon O&#8217;Star on hyv\u00e4 tilaisuus saavuttaa n\u00e4kyvyytt\u00e4 paikallisesti ja tavoittaa alueen asukkaat!<br \/>\nKysy ilmoittamismahdollisuudesta: vo@mimino.fi. Alla linkki mediakorttiin.<\/p>\n<p><img loading=\"lazy\" decoding=\"async\" class=\"size-medium wp-image-1249 alignleft\" src=\"http:\/\/www.mimino.fi\/wp-content\/uploads\/2024\/01\/KonOStar-logo-300x65.jpg\" alt=\"\" width=\"300\" height=\"65\" srcset=\"https:\/\/www.mimino.fi\/wp-content\/uploads\/2024\/01\/KonOStar-logo-300x65.jpg 300w, https:\/\/www.mimino.fi\/wp-content\/uploads\/2024\/01\/KonOStar-logo-1024x223.jpg 1024w, https:\/\/www.mimino.fi\/wp-content\/uploads\/2024\/01\/KonOStar-logo-768x167.jpg 768w, https:\/\/www.mimino.fi\/wp-content\/uploads\/2024\/01\/KonOStar-logo-1536x334.jpg 1536w, https:\/\/www.mimino.fi\/wp-content\/uploads\/2024\/01\/KonOStar-logo-1140x248.jpg 1140w, https:\/\/www.mimino.fi\/wp-content\/uploads\/2024\/01\/KonOStar-logo.jpg 1633w\" sizes=\"auto, (max-width: 300px) 100vw, 300px\" \/><\/p>\n<p>&nbsp;<\/p>\n<p>&nbsp;<\/p>\n<p>&nbsp;<\/p>\n<p><a href=\"http:\/\/www.mimino.fi\/wp-content\/uploads\/2026\/01\/Kon-OStar-mediakortti-2026.pdf\">Kon O&#8217;Star mediakortti 2026<\/a><\/p>","protected":false},"excerpt":{"rendered":"<p>Kontulassa on oma paikallislehti Kon O&#8217;Star. Sen ensimm\u00e4inen numero ilmestyi perjantaina 22.12.2023. Kon O&#8217;Star ilmestyy joka kuukauden viimeisen\u00e4 perjantaina, paitsi joulukuussa perjantaina ennen joulua. Kon O&#8217;Star &#8211; Kontulan oma lehti sis\u00e4lt\u00e4\u00e4 paikallisia uutisia, tietoja paikallisista toimijoista ja tapahtumista. Kun haluat tiet\u00e4\u00e4, mit\u00e4 Kontulassa tapahtuu ja kuka t\u00e4\u00e4ll\u00e4 toimii, lue Kon O&#8217;Star. Jakelu: paikallisesti Kontulassa mm. kirjasto, uimahalli. N\u00e4k\u00f6islehti luettavissa Lehtiluukku-palvelussa: https:\/\/www.lehtiluukku.fi\/lehdet\/kon_ostar Voit my\u00f6s tilata Kon O&#8217;Starin uutiskirjeen. T\u00e4ss\u00e4 esimerkkej\u00e4 lehden teemoista: Mit\u00e4 hyv\u00e4\u00e4 OmaStadi-rahat toisivat Kontulaan. Lue: Kon O&#8217;Star 11\/2025 Miten uudistui Kuntokellari? Lue: Kon O&#8217;Star 9\/2025 Millainen lyhytelokuva syntyi Kontulassa. Lue: Kon O&#8217;Star 8\/2025 Miten toimii nuorten sosiaality\u00f6? Lue Kon O&#8217;Star 6\/2025 Mit\u00e4 ajattelee Kontulan oma kaupunginvaltuutettu? Lue: Kon O&#8217;Star 5\/2025 Mit\u00e4 kontulaiset ajattelevat asuinaluestaan? Lue: Kon O&#8217;Star 10\/2024 Millaiseksi toimittaja koki ryhm\u00e4liikunnan Kontulassa? Lue Kon O&#8217;Star 8\/2024 Miten vietettiin kes\u00e4iltaa leikkipuisto Lammessa? Lue Kon O&#8217;Star 7\/2024 Millaisena kokivat nuoret Kontulan 1960-luvulla? Lue Kon O&#8217;Star 4\/2024 N\u00e4m\u00e4 ja monia muita kiinnostavia juttuja. Tutustu Kontulaan lehden sivuilla! Lehden vastuullinen p\u00e4\u00e4toimittaja on Virve Obolgogiani. Lehte\u00e4 julkaisee Mimino Oy. Kon O&#8217;Star on hyv\u00e4 tilaisuus saavuttaa n\u00e4kyvyytt\u00e4 paikallisesti ja tavoittaa alueen asukkaat! Kysy ilmoittamismahdollisuudesta: vo@mimino.fi. Alla linkki mediakorttiin. &nbsp; &nbsp; &nbsp; Kon O&#8217;Star mediakortti 2026<\/p>\n","protected":false},"author":4,"featured_media":0,"parent":0,"menu_order":0,"comment_status":"closed","ping_status":"closed","template":"","meta":{"footnotes":""},"class_list":["post-1240","page","type-page","status-publish","hentry"],"_links":{"self":[{"href":"https:\/\/www.mimino.fi\/fi\/wp-json\/wp\/v2\/pages\/1240","targetHints":{"allow":["GET"]}}],"collection":[{"href":"https:\/\/www.mimino.fi\/fi\/wp-json\/wp\/v2\/pages"}],"about":[{"href":"https:\/\/www.mimino.fi\/fi\/wp-json\/wp\/v2\/types\/page"}],"author":[{"embeddable":true,"href":"https:\/\/www.mimino.fi\/fi\/wp-json\/wp\/v2\/users\/4"}],"replies":[{"embeddable":true,"href":"https:\/\/www.mimino.fi\/fi\/wp-json\/wp\/v2\/comments?post=1240"}],"version-history":[{"count":28,"href":"https:\/\/www.mimino.fi\/fi\/wp-json\/wp\/v2\/pages\/1240\/revisions"}],"predecessor-version":[{"id":1348,"href":"https:\/\/www.mimino.fi\/fi\/wp-json\/wp\/v2\/pages\/1240\/revisions\/1348"}],"wp:attachment":[{"href":"https:\/\/www.mimino.fi\/fi\/wp-json\/wp\/v2\/media?parent=1240"}],"curies":[{"name":"wp","href":"https:\/\/api.w.org\/{rel}","templated":true}]}}