{"id":1041,"date":"2019-10-27T18:30:25","date_gmt":"2019-10-27T18:30:25","guid":{"rendered":"http:\/\/www.mimino.fi\/?page_id=1041"},"modified":"2020-05-15T14:44:33","modified_gmt":"2020-05-15T14:44:33","slug":"russian-language","status":"publish","type":"page","link":"https:\/\/www.mimino.fi\/fi\/russian-language\/","title":{"rendered":"(English) Russian language"},"content":{"rendered":"<p>Elinik\u00e4inen oppiminen on globaalin yhteiskunnan ja talouksien kehittymisen edellytys. T\u00e4ss\u00e4 muuttuvassa maailmassa onnistunut liiketoiminta vaatii ty\u00f6ntekij\u00f6ilt\u00e4 &#8211; ja yrityksilt\u00e4 &#8211; enemm\u00e4n muiden kansojen ja niiden liiketoimintatapojen ymm\u00e4rt\u00e4mist\u00e4. Kansainv\u00e4lisen kaupan kehittymisen kannalta erityisen t\u00e4rkeit\u00e4 ovat muiden kulttuurien tunteminen ja eri liiketoimintatapojen ymm\u00e4rt\u00e4minen. Tietoa on tarjolla paljon, mutta vaatii energiaa l\u00f6yt\u00e4\u00e4 oleellinen informaatiotulvasta. Asiantuntijan avulla on helpompaa l\u00f6yt\u00e4\u00e4 oikeat ratkaisut. Mimino Oy:n vahvuusaluieta ovat kansainv\u00e4liset suhteet ja matkailu.<\/p>\n<p>Mimino Oy tarjoaa kielen opetusta kokeneen ammattilaiskumppanin <a href=\"http:\/\/beseda.fi\/\">kielikoulu Besedan<\/a> kanssa.<\/p>","protected":false},"excerpt":{"rendered":"<p>Elinik\u00e4inen oppiminen on globaalin yhteiskunnan ja talouksien kehittymisen edellytys. T\u00e4ss\u00e4 muuttuvassa maailmassa onnistunut liiketoiminta vaatii ty\u00f6ntekij\u00f6ilt\u00e4 &#8211; ja yrityksilt\u00e4 &#8211; enemm\u00e4n muiden kansojen ja niiden liiketoimintatapojen ymm\u00e4rt\u00e4mist\u00e4. Kansainv\u00e4lisen kaupan kehittymisen kannalta erityisen t\u00e4rkeit\u00e4 ovat muiden kulttuurien tunteminen ja eri liiketoimintatapojen ymm\u00e4rt\u00e4minen. Tietoa on tarjolla paljon, mutta vaatii energiaa l\u00f6yt\u00e4\u00e4 oleellinen informaatiotulvasta. Asiantuntijan avulla on helpompaa l\u00f6yt\u00e4\u00e4 oikeat ratkaisut. Mimino Oy:n vahvuusaluieta ovat kansainv\u00e4liset suhteet ja matkailu. Mimino Oy tarjoaa kielen opetusta kokeneen ammattilaiskumppanin kielikoulu Besedan kanssa.<\/p>\n","protected":false},"author":4,"featured_media":0,"parent":0,"menu_order":0,"comment_status":"closed","ping_status":"closed","template":"","meta":{"footnotes":""},"class_list":["post-1041","page","type-page","status-publish","hentry"],"_links":{"self":[{"href":"https:\/\/www.mimino.fi\/fi\/wp-json\/wp\/v2\/pages\/1041","targetHints":{"allow":["GET"]}}],"collection":[{"href":"https:\/\/www.mimino.fi\/fi\/wp-json\/wp\/v2\/pages"}],"about":[{"href":"https:\/\/www.mimino.fi\/fi\/wp-json\/wp\/v2\/types\/page"}],"author":[{"embeddable":true,"href":"https:\/\/www.mimino.fi\/fi\/wp-json\/wp\/v2\/users\/4"}],"replies":[{"embeddable":true,"href":"https:\/\/www.mimino.fi\/fi\/wp-json\/wp\/v2\/comments?post=1041"}],"version-history":[{"count":3,"href":"https:\/\/www.mimino.fi\/fi\/wp-json\/wp\/v2\/pages\/1041\/revisions"}],"predecessor-version":[{"id":1062,"href":"https:\/\/www.mimino.fi\/fi\/wp-json\/wp\/v2\/pages\/1041\/revisions\/1062"}],"wp:attachment":[{"href":"https:\/\/www.mimino.fi\/fi\/wp-json\/wp\/v2\/media?parent=1041"}],"curies":[{"name":"wp","href":"https:\/\/api.w.org\/{rel}","templated":true}]}}